{"id":2969,"date":"2023-03-04T05:02:52","date_gmt":"2023-03-04T10:02:52","guid":{"rendered":"https:\/\/argerietsimicalis.org\/articles-de-presse\/"},"modified":"2024-02-04T21:51:36","modified_gmt":"2024-02-05T02:51:36","slug":"articles-de-presse","status":"publish","type":"page","link":"https:\/\/argerietsimicalis.org\/fr\/articles-de-presse\/","title":{"rendered":"Articles de presse"},"content":{"rendered":"\t\t<div data-elementor-type=\"wp-page\" data-elementor-id=\"2969\" class=\"elementor elementor-2969 elementor-167\" data-elementor-post-type=\"page\">\n\t\t\t\t<div class=\"elementor-element elementor-element-e1d053f e-flex e-con-boxed e-con e-parent\" data-id=\"e1d053f\" data-element_type=\"container\" data-e-type=\"container\">\n\t\t\t\t\t<div class=\"e-con-inner\">\n\t\t\t\t<div class=\"elementor-element elementor-element-3bb0efc elementor-widget__width-inherit elementor-widget elementor-widget-heading\" data-id=\"3bb0efc\" data-element_type=\"widget\" data-e-type=\"widget\" data-widget_type=\"heading.default\">\n\t\t\t\t\t<h2 class=\"elementor-heading-title elementor-size-default\">Actualit\u00e9s<\/h2>\t\t\t\t<\/div>\n\t\t\t\t<div class=\"elementor-element elementor-element-0c24104 elementor-grid-3 elementor-grid-tablet-2 elementor-grid-mobile-1 elementor-posts--thumbnail-top elementor-posts--show-avatar elementor-card-shadow-yes elementor-posts__hover-gradient elementor-widget elementor-widget-posts\" data-id=\"0c24104\" data-element_type=\"widget\" data-e-type=\"widget\" data-settings=\"{&quot;cards_columns&quot;:&quot;3&quot;,&quot;cards_columns_tablet&quot;:&quot;2&quot;,&quot;cards_columns_mobile&quot;:&quot;1&quot;,&quot;cards_row_gap&quot;:{&quot;unit&quot;:&quot;px&quot;,&quot;size&quot;:35,&quot;sizes&quot;:[]},&quot;cards_row_gap_tablet&quot;:{&quot;unit&quot;:&quot;px&quot;,&quot;size&quot;:&quot;&quot;,&quot;sizes&quot;:[]},&quot;cards_row_gap_mobile&quot;:{&quot;unit&quot;:&quot;px&quot;,&quot;size&quot;:&quot;&quot;,&quot;sizes&quot;:[]}}\" data-widget_type=\"posts.cards\">\n\t\t\t\t<div class=\"elementor-widget-container\">\n\t\t\t\t\t\t\t<div class=\"elementor-posts-container elementor-posts elementor-posts--skin-cards elementor-grid\" role=\"list\">\n\t\t\t\t<article class=\"elementor-post elementor-grid-item post-2890 post type-post status-publish format-standard has-post-thumbnail hentry category-actualites tag-post-fr\" role=\"listitem\">\n\t\t\t<div class=\"elementor-post__card\">\n\t\t\t\t<a class=\"elementor-post__thumbnail__link\" href=\"https:\/\/argerietsimicalis.org\/fr\/la-realite-virtuelle-aide-les-enfants-a-supporter-la-douleur-et-lanxiete\/\" tabindex=\"-1\" ><div class=\"elementor-post__thumbnail\"><img fetchpriority=\"high\" decoding=\"async\" width=\"300\" height=\"200\" src=\"https:\/\/argerietsimicalis.org\/wp-content\/uploads\/2022\/08\/Researcher_following_VR_process_1000x666_157066-300x200.jpg\" class=\"attachment-medium size-medium wp-image-698\" alt=\"Patient Amaya with nursing researcher Sofia experiencing VR before surgery\" srcset=\"https:\/\/argerietsimicalis.org\/wp-content\/uploads\/2022\/08\/Researcher_following_VR_process_1000x666_157066-300x200.jpg 300w, https:\/\/argerietsimicalis.org\/wp-content\/uploads\/2022\/08\/Researcher_following_VR_process_1000x666_157066-768x511.jpg 768w, https:\/\/argerietsimicalis.org\/wp-content\/uploads\/2022\/08\/Researcher_following_VR_process_1000x666_157066.jpg 1000w\" sizes=\"(max-width: 300px) 100vw, 300px\" \/><\/div><\/a>\n\t\t\t\t<div class=\"elementor-post__avatar\">\n\t\t\t\t\t<\/div>\n\t\t\t\t<div class=\"elementor-post__text\">\n\t\t\t\t<h3 class=\"elementor-post__title\">\n\t\t\t<a href=\"https:\/\/argerietsimicalis.org\/fr\/la-realite-virtuelle-aide-les-enfants-a-supporter-la-douleur-et-lanxiete\/\" >\n\t\t\t\tLe Shriners va \u00e9largir le recours \u00e0 la r\u00e9alit\u00e9 virtuelle\t\t\t<\/a>\n\t\t<\/h3>\n\t\t\t\t<div class=\"elementor-post__excerpt\">\n\t\t\t<p>La r\u00e9alit\u00e9 virtuelle (RV) est une technologie immersive qui plonge les enfants dans un monde imaginaire en 3D qui semble et para\u00eet r\u00e9el Les enfants enfilent un casque de RV, connu sous le nom d&rsquo;affichage mont\u00e9 sur la t\u00eate, et utilisent des contr\u00f4leurs pour interagir avec le monde imaginaire. Cette technologie a \u00e9t\u00e9 utilis\u00e9e comme outil de distraction pour aider les enfants \u00e0 faire face \u00e0 la douleur et \u00e0 l&rsquo;anxi\u00e9t\u00e9 pendant les proc\u00e9dures m\u00e9dicales Deux h\u00f4pitaux Shriners pour enfants ont pris l&rsquo;initiative d&rsquo;utiliser la RV pour am\u00e9liorer l&rsquo;exp\u00e9rience hospitali\u00e8re de leurs<\/p>\n\t\t<\/div>\n\t\t\t\t\t<div class=\"elementor-post__read-more-wrapper\">\n\t\t\n\t\t<a class=\"elementor-post__read-more\" href=\"https:\/\/argerietsimicalis.org\/fr\/la-realite-virtuelle-aide-les-enfants-a-supporter-la-douleur-et-lanxiete\/\" aria-label=\"En savoir plus sur Le Shriners va \u00e9largir le recours \u00e0 la r\u00e9alit\u00e9 virtuelle\" tabindex=\"-1\" >\n\t\t\tLire la suite \u00bb\t\t<\/a>\n\n\t\t\t\t\t<\/div>\n\t\t\t\t<\/div>\n\t\t\t\t<div class=\"elementor-post__meta-data\">\n\t\t\t\t\t<span class=\"elementor-post-date\">\n\t\t\t4 ao\u00fbt 2022\t\t<\/span>\n\t\t\t\t<\/div>\n\t\t\t\t\t<\/div>\n\t\t<\/article>\n\t\t\t\t<\/div>\n\t\t\n\t\t\t\t\t\t<\/div>\n\t\t\t\t<\/div>\n\t\t\t\t\t<\/div>\n\t\t\t\t<\/div>\n\t\t<div class=\"elementor-element elementor-element-10ad2e6 e-con-full e-flex e-con e-parent\" data-id=\"10ad2e6\" data-element_type=\"container\" data-e-type=\"container\">\n\t\t\t\t<div class=\"elementor-element elementor-element-320d7b6 elementor-widget__width-inherit elementor-widget elementor-widget-heading\" data-id=\"320d7b6\" data-element_type=\"widget\" data-e-type=\"widget\" id=\"smr\" data-widget_type=\"heading.default\">\n\t\t\t\t\t<h2 class=\"elementor-heading-title elementor-size-default\">Rapports mensuels<\/h2>\t\t\t\t<\/div>\n\t\t<div class=\"elementor-element elementor-element-a527095 e-flex e-con-boxed e-con e-child\" data-id=\"a527095\" data-element_type=\"container\" data-e-type=\"container\">\n\t\t\t\t\t<div class=\"e-con-inner\">\n\t\t\t\t<div class=\"elementor-element elementor-element-82c05c1 elementor-widget__width-inherit elementor-widget elementor-widget-text-editor\" data-id=\"82c05c1\" data-element_type=\"widget\" data-e-type=\"widget\" data-widget_type=\"text-editor.default\">\n\t\t\t\t\t\t\t\t\t<p>D\u00e9couvrez ce que l&rsquo;\u00e9quipe de recherche en soins infirmiers des H\u00f4pitaux Shriners pour enfants-Canada a fait!<\/p>\n\t\t\t\t\t\t\t\t<\/div>\n\t\t\t\t<div class=\"elementor-element elementor-element-05ba71d elementor-widget__width-inherit elementor-arrows-position-inside elementor-pagination-position-outside elementor-widget elementor-widget-image-carousel\" data-id=\"05ba71d\" data-element_type=\"widget\" data-e-type=\"widget\" data-settings=\"{&quot;navigation&quot;:&quot;both&quot;,&quot;autoplay&quot;:&quot;yes&quot;,&quot;pause_on_hover&quot;:&quot;yes&quot;,&quot;pause_on_interaction&quot;:&quot;yes&quot;,&quot;autoplay_speed&quot;:5000,&quot;infinite&quot;:&quot;yes&quot;,&quot;speed&quot;:500}\" data-widget_type=\"image-carousel.default\">\n\t\t\t\t\t\t\t<div class=\"elementor-image-carousel-wrapper swiper\" role=\"region\" aria-roledescription=\"carousel\" aria-label=\"Carrousel d\u2019images\" dir=\"ltr\">\n\t\t\t<div class=\"elementor-image-carousel swiper-wrapper\" aria-live=\"off\">\n\t\t\t\t\t\t\t\t<div class=\"swiper-slide\" role=\"group\" aria-roledescription=\"slide\" aria-label=\"1 sur 8\"><a data-elementor-open-lightbox=\"yes\" data-elementor-lightbox-slideshow=\"05ba71d\" data-elementor-lightbox-title=\"August 2023_Nursing Research Report\" data-e-action-hash=\"#elementor-action%3Aaction%3Dlightbox%26settings%3DeyJpZCI6MjQwMSwidXJsIjoiaHR0cHM6XC9cL2FyZ2VyaWV0c2ltaWNhbGlzLm9yZ1wvd3AtY29udGVudFwvdXBsb2Fkc1wvMjAyM1wvMTBcL0F1Z3VzdC0yMDIzX051cnNpbmctUmVzZWFyY2gtUmVwb3J0LnBuZyIsInNsaWRlc2hvdyI6IjA1YmE3MWQifQ%3D%3D\" href=\"https:\/\/argerietsimicalis.org\/wp-content\/uploads\/2023\/10\/August-2023_Nursing-Research-Report.png\"><figure class=\"swiper-slide-inner\"><img decoding=\"async\" class=\"swiper-slide-image\" src=\"https:\/\/argerietsimicalis.org\/wp-content\/uploads\/2023\/10\/August-2023_Nursing-Research-Report.png\" alt=\"8\" \/><\/figure><\/a><\/div><div class=\"swiper-slide\" role=\"group\" aria-roledescription=\"slide\" aria-label=\"2 sur 8\"><a data-elementor-open-lightbox=\"yes\" data-elementor-lightbox-slideshow=\"05ba71d\" data-elementor-lightbox-title=\"July 2023_Nursing Research Report\" data-e-action-hash=\"#elementor-action%3Aaction%3Dlightbox%26settings%3DeyJpZCI6MjQwMywidXJsIjoiaHR0cHM6XC9cL2FyZ2VyaWV0c2ltaWNhbGlzLm9yZ1wvd3AtY29udGVudFwvdXBsb2Fkc1wvMjAyM1wvMTBcL0p1bHktMjAyM19OdXJzaW5nLVJlc2VhcmNoLVJlcG9ydC5wbmciLCJzbGlkZXNob3ciOiIwNWJhNzFkIn0%3D\" href=\"https:\/\/argerietsimicalis.org\/wp-content\/uploads\/2023\/10\/July-2023_Nursing-Research-Report.png\"><figure class=\"swiper-slide-inner\"><img decoding=\"async\" class=\"swiper-slide-image\" src=\"https:\/\/argerietsimicalis.org\/wp-content\/uploads\/2023\/10\/July-2023_Nursing-Research-Report.png\" alt=\"7\" \/><\/figure><\/a><\/div><div class=\"swiper-slide\" role=\"group\" aria-roledescription=\"slide\" aria-label=\"3 sur 8\"><a data-elementor-open-lightbox=\"yes\" data-elementor-lightbox-slideshow=\"05ba71d\" data-elementor-lightbox-title=\"June 2023_Nursing Research Report\" data-e-action-hash=\"#elementor-action%3Aaction%3Dlightbox%26settings%3DeyJpZCI6MjM5NiwidXJsIjoiaHR0cHM6XC9cL2FyZ2VyaWV0c2ltaWNhbGlzLm9yZ1wvd3AtY29udGVudFwvdXBsb2Fkc1wvMjAyM1wvMTBcL0p1bmUtMjAyM19OdXJzaW5nLVJlc2VhcmNoLVJlcG9ydC0xLnBuZyIsInNsaWRlc2hvdyI6IjA1YmE3MWQifQ%3D%3D\" href=\"https:\/\/argerietsimicalis.org\/wp-content\/uploads\/2023\/10\/June-2023_Nursing-Research-Report-1.png\"><figure class=\"swiper-slide-inner\"><img decoding=\"async\" class=\"swiper-slide-image\" src=\"https:\/\/argerietsimicalis.org\/wp-content\/uploads\/2023\/10\/June-2023_Nursing-Research-Report-1.png\" alt=\"6\" \/><\/figure><\/a><\/div><div class=\"swiper-slide\" role=\"group\" aria-roledescription=\"slide\" aria-label=\"4 sur 8\"><a data-elementor-open-lightbox=\"yes\" data-elementor-lightbox-slideshow=\"05ba71d\" data-elementor-lightbox-title=\"May 2023_Nursing Research Report\" data-elementor-lightbox-description=\"Nursing Research Report\" data-e-action-hash=\"#elementor-action%3Aaction%3Dlightbox%26settings%3DeyJpZCI6MjM5MSwidXJsIjoiaHR0cHM6XC9cL2FyZ2VyaWV0c2ltaWNhbGlzLm9yZ1wvd3AtY29udGVudFwvdXBsb2Fkc1wvMjAyM1wvMTBcL01heS0yMDIzX051cnNpbmctUmVzZWFyY2gtUmVwb3J0LnBuZyIsInNsaWRlc2hvdyI6IjA1YmE3MWQifQ%3D%3D\" href=\"https:\/\/argerietsimicalis.org\/wp-content\/uploads\/2023\/10\/May-2023_Nursing-Research-Report.png\"><figure class=\"swiper-slide-inner\"><img decoding=\"async\" class=\"swiper-slide-image\" src=\"https:\/\/argerietsimicalis.org\/wp-content\/uploads\/2023\/10\/May-2023_Nursing-Research-Report.png\" alt=\"Nursing Research Report\" \/><\/figure><\/a><\/div><div class=\"swiper-slide\" role=\"group\" aria-roledescription=\"slide\" aria-label=\"5 sur 8\"><a data-elementor-open-lightbox=\"yes\" data-elementor-lightbox-slideshow=\"05ba71d\" data-elementor-lightbox-title=\"April 2023_Nursing Research Report\" data-elementor-lightbox-description=\"Nursing Research Report\" data-e-action-hash=\"#elementor-action%3Aaction%3Dlightbox%26settings%3DeyJpZCI6MjM4NSwidXJsIjoiaHR0cHM6XC9cL2FyZ2VyaWV0c2ltaWNhbGlzLm9yZ1wvd3AtY29udGVudFwvdXBsb2Fkc1wvMjAyM1wvMTBcL0FwcmlsLTIwMjNfTnVyc2luZy1SZXNlYXJjaC1SZXBvcnQucG5nIiwic2xpZGVzaG93IjoiMDViYTcxZCJ9\" href=\"https:\/\/argerietsimicalis.org\/wp-content\/uploads\/2023\/10\/April-2023_Nursing-Research-Report.png\"><figure class=\"swiper-slide-inner\"><img decoding=\"async\" class=\"swiper-slide-image\" src=\"https:\/\/argerietsimicalis.org\/wp-content\/uploads\/2023\/10\/April-2023_Nursing-Research-Report.png\" alt=\"Nursing Research Report\" \/><\/figure><\/a><\/div><div class=\"swiper-slide\" role=\"group\" aria-roledescription=\"slide\" aria-label=\"6 sur 8\"><a data-elementor-open-lightbox=\"yes\" data-elementor-lightbox-slideshow=\"05ba71d\" data-elementor-lightbox-title=\"March 2023_Nursing Research Report\" data-elementor-lightbox-description=\"Nursing Research Report\" data-e-action-hash=\"#elementor-action%3Aaction%3Dlightbox%26settings%3DeyJpZCI6MjM4OSwidXJsIjoiaHR0cHM6XC9cL2FyZ2VyaWV0c2ltaWNhbGlzLm9yZ1wvd3AtY29udGVudFwvdXBsb2Fkc1wvMjAyM1wvMTBcL01hcmNoLTIwMjNfTnVyc2luZy1SZXNlYXJjaC1SZXBvcnQucG5nIiwic2xpZGVzaG93IjoiMDViYTcxZCJ9\" href=\"https:\/\/argerietsimicalis.org\/wp-content\/uploads\/2023\/10\/March-2023_Nursing-Research-Report.png\"><figure class=\"swiper-slide-inner\"><img decoding=\"async\" class=\"swiper-slide-image\" src=\"https:\/\/argerietsimicalis.org\/wp-content\/uploads\/2023\/10\/March-2023_Nursing-Research-Report.png\" alt=\"Nursing Research Report\" \/><\/figure><\/a><\/div><div class=\"swiper-slide\" role=\"group\" aria-roledescription=\"slide\" aria-label=\"7 sur 8\"><a data-elementor-open-lightbox=\"yes\" data-elementor-lightbox-slideshow=\"05ba71d\" data-elementor-lightbox-title=\"February 2023_Nursing Research Report-page-00001\" data-e-action-hash=\"#elementor-action%3Aaction%3Dlightbox%26settings%3DeyJpZCI6MjM3NywidXJsIjoiaHR0cHM6XC9cL2FyZ2VyaWV0c2ltaWNhbGlzLm9yZ1wvd3AtY29udGVudFwvdXBsb2Fkc1wvMjAyM1wvMTBcL0ZlYnJ1YXJ5LTIwMjNfTnVyc2luZy1SZXNlYXJjaC1SZXBvcnQtcGFnZS0wMDAwMS5qcGciLCJzbGlkZXNob3ciOiIwNWJhNzFkIn0%3D\" href=\"https:\/\/argerietsimicalis.org\/wp-content\/uploads\/2023\/10\/February-2023_Nursing-Research-Report-page-00001.jpg\"><figure class=\"swiper-slide-inner\"><img decoding=\"async\" class=\"swiper-slide-image\" src=\"https:\/\/argerietsimicalis.org\/wp-content\/uploads\/2023\/10\/February-2023_Nursing-Research-Report-page-00001.jpg\" alt=\"2\" \/><\/figure><\/a><\/div><div class=\"swiper-slide\" role=\"group\" aria-roledescription=\"slide\" aria-label=\"8 sur 8\"><a data-elementor-open-lightbox=\"yes\" data-elementor-lightbox-slideshow=\"05ba71d\" data-elementor-lightbox-title=\"January 2023_Nursing Research Report-page-00001\" data-e-action-hash=\"#elementor-action%3Aaction%3Dlightbox%26settings%3DeyJpZCI6MjM3NSwidXJsIjoiaHR0cHM6XC9cL2FyZ2VyaWV0c2ltaWNhbGlzLm9yZ1wvd3AtY29udGVudFwvdXBsb2Fkc1wvMjAyM1wvMTBcL0phbnVhcnktMjAyM19OdXJzaW5nLVJlc2VhcmNoLVJlcG9ydC1wYWdlLTAwMDAxLmpwZyIsInNsaWRlc2hvdyI6IjA1YmE3MWQifQ%3D%3D\" href=\"https:\/\/argerietsimicalis.org\/wp-content\/uploads\/2023\/10\/January-2023_Nursing-Research-Report-page-00001.jpg\"><figure class=\"swiper-slide-inner\"><img decoding=\"async\" class=\"swiper-slide-image\" src=\"https:\/\/argerietsimicalis.org\/wp-content\/uploads\/2023\/10\/January-2023_Nursing-Research-Report-page-00001.jpg\" alt=\"1\" \/><\/figure><\/a><\/div>\t\t\t<\/div>\n\t\t\t\t\t\t\t\t\t\t\t\t<div class=\"elementor-swiper-button elementor-swiper-button-prev\" role=\"button\" tabindex=\"0\">\n\t\t\t\t\t\t<svg aria-hidden=\"true\" class=\"e-font-icon-svg e-eicon-chevron-left\" viewBox=\"0 0 1000 1000\" xmlns=\"http:\/\/www.w3.org\/2000\/svg\"><path d=\"M646 125C629 125 613 133 604 142L308 442C296 454 292 471 292 487 292 504 296 521 308 533L604 854C617 867 629 875 646 875 663 875 679 871 692 858 704 846 713 829 713 812 713 796 708 779 692 767L438 487 692 225C700 217 708 204 708 187 708 171 704 154 692 142 675 129 663 125 646 125Z\"><\/path><\/svg>\t\t\t\t\t<\/div>\n\t\t\t\t\t<div class=\"elementor-swiper-button elementor-swiper-button-next\" role=\"button\" tabindex=\"0\">\n\t\t\t\t\t\t<svg aria-hidden=\"true\" class=\"e-font-icon-svg e-eicon-chevron-right\" viewBox=\"0 0 1000 1000\" xmlns=\"http:\/\/www.w3.org\/2000\/svg\"><path d=\"M696 533C708 521 713 504 713 487 713 471 708 454 696 446L400 146C388 133 375 125 354 125 338 125 325 129 313 142 300 154 292 171 292 187 292 204 296 221 308 233L563 492 304 771C292 783 288 800 288 817 288 833 296 850 308 863 321 871 338 875 354 875 371 875 388 867 400 854L696 533Z\"><\/path><\/svg>\t\t\t\t\t<\/div>\n\t\t\t\t\n\t\t\t\t\t\t\t\t\t<div class=\"swiper-pagination\"><\/div>\n\t\t\t\t\t\t\t\t\t<\/div>\n\t\t\t\t\t\t<\/div>\n\t\t\t\t\t<\/div>\n\t\t\t\t<\/div>\n\t\t\t\t<\/div>\n\t\t\t\t<\/div>\n\t\t","protected":false},"excerpt":{"rendered":"<p>Actualit\u00e9s Rapports mensuels D\u00e9couvrez ce que l&rsquo;\u00e9quipe de recherche en soins infirmiers des H\u00f4pitaux Shriners pour enfants-Canada a fait!<\/p>\n","protected":false},"author":1,"featured_media":0,"parent":0,"menu_order":0,"comment_status":"closed","ping_status":"closed","template":"","meta":{"footnotes":""},"class_list":["post-2969","page","type-page","status-publish","hentry"],"_links":{"self":[{"href":"https:\/\/argerietsimicalis.org\/fr\/wp-json\/wp\/v2\/pages\/2969","targetHints":{"allow":["GET"]}}],"collection":[{"href":"https:\/\/argerietsimicalis.org\/fr\/wp-json\/wp\/v2\/pages"}],"about":[{"href":"https:\/\/argerietsimicalis.org\/fr\/wp-json\/wp\/v2\/types\/page"}],"author":[{"embeddable":true,"href":"https:\/\/argerietsimicalis.org\/fr\/wp-json\/wp\/v2\/users\/1"}],"replies":[{"embeddable":true,"href":"https:\/\/argerietsimicalis.org\/fr\/wp-json\/wp\/v2\/comments?post=2969"}],"version-history":[{"count":0,"href":"https:\/\/argerietsimicalis.org\/fr\/wp-json\/wp\/v2\/pages\/2969\/revisions"}],"wp:attachment":[{"href":"https:\/\/argerietsimicalis.org\/fr\/wp-json\/wp\/v2\/media?parent=2969"}],"curies":[{"name":"wp","href":"https:\/\/api.w.org\/{rel}","templated":true}]}}