{"id":499,"date":"2023-03-04T02:16:21","date_gmt":"2023-03-04T07:16:21","guid":{"rendered":"https:\/\/argerietsimicalis.org\/accueil\/"},"modified":"2024-02-04T21:52:22","modified_gmt":"2024-02-05T02:52:22","slug":"accueil","status":"publish","type":"page","link":"https:\/\/argerietsimicalis.org\/fr\/","title":{"rendered":"Accueil"},"content":{"rendered":"\t\t<div data-elementor-type=\"wp-page\" data-elementor-id=\"499\" class=\"elementor elementor-499 elementor-17\" data-elementor-post-type=\"page\">\n\t\t\t\t<div class=\"elementor-element elementor-element-43ea743 e-con-full e-flex e-con e-parent\" data-id=\"43ea743\" data-element_type=\"container\" data-e-type=\"container\">\n\t\t\t\t<div class=\"elementor-element elementor-element-f707863 elementor-widget elementor-widget-image\" data-id=\"f707863\" data-element_type=\"widget\" data-e-type=\"widget\" data-widget_type=\"image.default\">\n\t\t\t\t\t\t\t\t\t\t\t\t\t\t\t<img fetchpriority=\"high\" decoding=\"async\" width=\"1024\" height=\"565\" src=\"https:\/\/argerietsimicalis.org\/wp-content\/uploads\/2023\/06\/Transforming-Nursing-1024x565.jpg\" class=\"attachment-large size-large wp-image-1502\" alt=\"mural showcasing nuses in their different roles: bedside care, research, operating room, using virtual reality, x-rays, and casting.\" srcset=\"https:\/\/argerietsimicalis.org\/wp-content\/uploads\/2023\/06\/Transforming-Nursing-1024x565.jpg 1024w, https:\/\/argerietsimicalis.org\/wp-content\/uploads\/2023\/06\/Transforming-Nursing-300x165.jpg 300w, https:\/\/argerietsimicalis.org\/wp-content\/uploads\/2023\/06\/Transforming-Nursing-768x424.jpg 768w, https:\/\/argerietsimicalis.org\/wp-content\/uploads\/2023\/06\/Transforming-Nursing-1536x847.jpg 1536w, https:\/\/argerietsimicalis.org\/wp-content\/uploads\/2023\/06\/Transforming-Nursing-2048x1129.jpg 2048w\" sizes=\"(max-width: 1024px) 100vw, 1024px\" \/>\t\t\t\t\t\t\t\t\t\t\t\t\t\t\t<\/div>\n\t\t\t\t<\/div>\n\t\t<div class=\"elementor-element elementor-element-763447e e-flex e-con-boxed e-con e-parent\" data-id=\"763447e\" data-element_type=\"container\" data-e-type=\"container\">\n\t\t\t\t\t<div class=\"e-con-inner\">\n\t\t\t\t<div class=\"elementor-element elementor-element-752ed6b elementor-widget__width-inherit elementor-widget elementor-widget-heading\" data-id=\"752ed6b\" data-element_type=\"widget\" data-e-type=\"widget\" data-widget_type=\"heading.default\">\n\t\t\t\t\t<h2 class=\"elementor-heading-title elementor-size-default\">Bienvenue au laboratoire d'Argerie<\/h2>\t\t\t\t<\/div>\n\t\t<div class=\"elementor-element elementor-element-f743abf e-con-full e-flex e-con e-child\" data-id=\"f743abf\" data-element_type=\"container\" data-e-type=\"container\">\n\t\t\t\t<div class=\"elementor-element elementor-element-aa80c4a elementor-widget__width-initial elementor-widget elementor-widget-text-editor\" data-id=\"aa80c4a\" data-element_type=\"widget\" data-e-type=\"widget\" data-widget_type=\"text-editor.default\">\n\t\t\t\t\t\t\t\t\t<p style=\"text-align: center;\">Nous sommes un groupe \u00e9clectique de personnes qui m\u00e8nent des recherches dans divers domaines de la sant\u00e9 infantile \u00e0 l&rsquo;Universit\u00e9 McGill et aux H\u00f4pitaux Shriners pour enfants\u00ae-Canada. Notre mission, guid\u00e9e par la philosophie de soins FOCUSED\u00ae, est de:<\/p>\n\t\t\t\t\t\t\t\t<\/div>\n\t\t\t\t<\/div>\n\t\t<div class=\"elementor-element elementor-element-0b9d16b e-con-full e-flex e-con e-child\" data-id=\"0b9d16b\" data-element_type=\"container\" data-e-type=\"container\">\n\t\t\t\t<div class=\"elementor-element elementor-element-226aa67 elementor-icon-list--layout-inline elementor-align-center elementor-list-item-link-full_width elementor-widget elementor-widget-icon-list\" data-id=\"226aa67\" data-element_type=\"widget\" data-e-type=\"widget\" data-widget_type=\"icon-list.default\">\n\t\t\t\t\t\t\t<ul class=\"elementor-icon-list-items elementor-inline-items\">\n\t\t\t\t\t\t\t<li class=\"elementor-icon-list-item elementor-inline-item\">\n\t\t\t\t\t\t\t\t\t\t\t<span class=\"elementor-icon-list-icon\">\n\t\t\t\t\t\t\t<svg aria-hidden=\"true\" class=\"e-font-icon-svg e-far-chart-bar\" viewBox=\"0 0 512 512\" xmlns=\"http:\/\/www.w3.org\/2000\/svg\"><path d=\"M396.8 352h22.4c6.4 0 12.8-6.4 12.8-12.8V108.8c0-6.4-6.4-12.8-12.8-12.8h-22.4c-6.4 0-12.8 6.4-12.8 12.8v230.4c0 6.4 6.4 12.8 12.8 12.8zm-192 0h22.4c6.4 0 12.8-6.4 12.8-12.8V140.8c0-6.4-6.4-12.8-12.8-12.8h-22.4c-6.4 0-12.8 6.4-12.8 12.8v198.4c0 6.4 6.4 12.8 12.8 12.8zm96 0h22.4c6.4 0 12.8-6.4 12.8-12.8V204.8c0-6.4-6.4-12.8-12.8-12.8h-22.4c-6.4 0-12.8 6.4-12.8 12.8v134.4c0 6.4 6.4 12.8 12.8 12.8zM496 400H48V80c0-8.84-7.16-16-16-16H16C7.16 64 0 71.16 0 80v336c0 17.67 14.33 32 32 32h464c8.84 0 16-7.16 16-16v-16c0-8.84-7.16-16-16-16zm-387.2-48h22.4c6.4 0 12.8-6.4 12.8-12.8v-70.4c0-6.4-6.4-12.8-12.8-12.8h-22.4c-6.4 0-12.8 6.4-12.8 12.8v70.4c0 6.4 6.4 12.8 12.8 12.8z\"><\/path><\/svg>\t\t\t\t\t\t<\/span>\n\t\t\t\t\t\t\t\t\t\t<span class=\"elementor-icon-list-text\">Introduire des innovations fond\u00e9es sur des donn\u00e9es probantes dans la pratique clinique afin de transformer les soins.<\/span>\n\t\t\t\t\t\t\t\t\t<\/li>\n\t\t\t\t\t\t\t\t<li class=\"elementor-icon-list-item elementor-inline-item\">\n\t\t\t\t\t\t\t\t\t\t\t<span class=\"elementor-icon-list-icon\">\n\t\t\t\t\t\t\t<svg aria-hidden=\"true\" class=\"e-font-icon-svg e-fas-briefcase-medical\" viewBox=\"0 0 512 512\" xmlns=\"http:\/\/www.w3.org\/2000\/svg\"><path d=\"M464 128h-80V80c0-26.5-21.5-48-48-48H176c-26.5 0-48 21.5-48 48v48H48c-26.5 0-48 21.5-48 48v288c0 26.5 21.5 48 48 48h416c26.5 0 48-21.5 48-48V176c0-26.5-21.5-48-48-48zM192 96h128v32H192V96zm160 248c0 4.4-3.6 8-8 8h-56v56c0 4.4-3.6 8-8 8h-48c-4.4 0-8-3.6-8-8v-56h-56c-4.4 0-8-3.6-8-8v-48c0-4.4 3.6-8 8-8h56v-56c0-4.4 3.6-8 8-8h48c4.4 0 8 3.6 8 8v56h56c4.4 0 8 3.6 8 8v48z\"><\/path><\/svg>\t\t\t\t\t\t<\/span>\n\t\t\t\t\t\t\t\t\t\t<span class=\"elementor-icon-list-text\">D\u00e9velopper des ressources pour les patients et leurs familles afin d'am\u00e9liorer la qualit\u00e9 des soins.<\/span>\n\t\t\t\t\t\t\t\t\t<\/li>\n\t\t\t\t\t\t\t\t<li class=\"elementor-icon-list-item elementor-inline-item\">\n\t\t\t\t\t\t\t\t\t\t\t<span class=\"elementor-icon-list-icon\">\n\t\t\t\t\t\t\t<svg aria-hidden=\"true\" class=\"e-font-icon-svg e-fas-user-md\" viewBox=\"0 0 448 512\" xmlns=\"http:\/\/www.w3.org\/2000\/svg\"><path d=\"M224 256c70.7 0 128-57.3 128-128S294.7 0 224 0 96 57.3 96 128s57.3 128 128 128zM104 424c0 13.3 10.7 24 24 24s24-10.7 24-24-10.7-24-24-24-24 10.7-24 24zm216-135.4v49c36.5 7.4 64 39.8 64 78.4v41.7c0 7.6-5.4 14.2-12.9 15.7l-32.2 6.4c-4.3.9-8.5-1.9-9.4-6.3l-3.1-15.7c-.9-4.3 1.9-8.6 6.3-9.4l19.3-3.9V416c0-62.8-96-65.1-96 1.9v26.7l19.3 3.9c4.3.9 7.1 5.1 6.3 9.4l-3.1 15.7c-.9 4.3-5.1 7.1-9.4 6.3l-31.2-4.2c-7.9-1.1-13.8-7.8-13.8-15.9V416c0-38.6 27.5-70.9 64-78.4v-45.2c-2.2.7-4.4 1.1-6.6 1.9-18 6.3-37.3 9.8-57.4 9.8s-39.4-3.5-57.4-9.8c-7.4-2.6-14.9-4.2-22.6-5.2v81.6c23.1 6.9 40 28.1 40 53.4 0 30.9-25.1 56-56 56s-56-25.1-56-56c0-25.3 16.9-46.5 40-53.4v-80.4C48.5 301 0 355.8 0 422.4v44.8C0 491.9 20.1 512 44.8 512h358.4c24.7 0 44.8-20.1 44.8-44.8v-44.8c0-72-56.8-130.3-128-133.8z\"><\/path><\/svg>\t\t\t\t\t\t<\/span>\n\t\t\t\t\t\t\t\t\t\t<span class=\"elementor-icon-list-text\">Former la prochaine g\u00e9n\u00e9ration de professionnels de la sant\u00e9 et de scientifiques.<\/span>\n\t\t\t\t\t\t\t\t\t<\/li>\n\t\t\t\t\t\t<\/ul>\n\t\t\t\t\t\t<\/div>\n\t\t\t\t<\/div>\n\t\t\t\t\t<\/div>\n\t\t\t\t<\/div>\n\t\t<div class=\"elementor-element elementor-element-149e80a e-flex e-con-boxed e-con e-parent\" data-id=\"149e80a\" data-element_type=\"container\" data-e-type=\"container\">\n\t\t\t\t\t<div class=\"e-con-inner\">\n\t\t\t\t<div class=\"elementor-element elementor-element-746e30a elementor-widget elementor-widget-ucaddon_ue_listing_carousel\" data-id=\"746e30a\" data-element_type=\"widget\" data-e-type=\"widget\" data-widget_type=\"ucaddon_ue_listing_carousel.default\">\n\t\t\t\t<div class=\"elementor-widget-container\">\n\t\t\t\t\t\n<!-- start Dynamic Template Carousel -->\n\t\t<link id='font-awesome-css' href='https:\/\/argerietsimicalis.org\/wp-content\/plugins\/unlimited-elements-for-elementor\/assets_libraries\/font-awesome6\/fontawesome-all.min.css' type='text\/css' rel='stylesheet' >\n\t\t<link id='font-awesome-4-shim-css' href='https:\/\/argerietsimicalis.org\/wp-content\/plugins\/unlimited-elements-for-elementor\/assets_libraries\/font-awesome6\/fontawesome-v4-shims.min.css' type='text\/css' rel='stylesheet' >\n\t\t<link id='owl-carousel-css' href='https:\/\/argerietsimicalis.org\/wp-content\/plugins\/unlimited-elements-for-elementor\/assets_libraries\/owl-carousel-new\/assets\/owl.carousel.css' type='text\/css' rel='stylesheet' >\n\n<style>\/* widget: Dynamic Template Carousel *\/\n\n#uc_ue_listing_carousel_elementor_746e30a *{\n  box-sizing:border-box;\n}\n#uc_ue_listing_carousel_elementor_746e30a{\n  position:relative;\n  min-height:1px;\n}\n\n\t\n\n#uc_ue_listing_carousel_elementor_746e30a .uc_carousel_item\n{\n  overflow:hidden;\n  transition:0.3s;\n}\n\n#uc_ue_listing_carousel_elementor_746e30a .owl-nav .owl-prev{\n    position:absolute;\n    display:inline-block;\n    text-align:center;\n}\n#uc_ue_listing_carousel_elementor_746e30a .owl-nav .owl-next{\n  position:absolute;\n  display:inline-block;\n  text-align:center;\n}\n\n\n#uc_ue_listing_carousel_elementor_746e30a .owl-dots {\noverflow:hidden;\ndisplay:none !important;\ntext-align:center;\n}\n\n#uc_ue_listing_carousel_elementor_746e30a .owl-dot {\nborder-radius:50%;\ndisplay:inline-block;\n}\n\n\n#uc_ue_listing_carousel_elementor_746e30a .owl-item {\n    -webkit-backface-visibility: hidden;\n    -webkit-transform: translateZ(0) scale(1.0, 1.0);\n}\n\n<\/style>\n\n<div class=\"ue_listing_carousel\"  style=\"direction:ltr;\">   <div class=\"ue_carousel owl-carousel owl-theme uc-items-wrapper  uc-remote-parent \" id=\"uc_ue_listing_carousel_elementor_746e30a\"  data-remoteid='first' data-widgetname='Dynamic Template Carousel' data-custom-sethtml=\"true\" >\n   \t\t\n   <\/div>\t\n<\/div>\n<!-- end Dynamic Template Carousel -->\t\t\t\t<\/div>\n\t\t\t\t<\/div>\n\t\t\t\t<div class=\"elementor-element elementor-element-e899219 elementor-widget elementor-widget-ucaddon_remote_control_bullet_navigation\" data-id=\"e899219\" data-element_type=\"widget\" data-e-type=\"widget\" data-widget_type=\"ucaddon_remote_control_bullet_navigation.default\">\n\t\t\t\t<div class=\"elementor-widget-container\">\n\t\t\t\t\t\n<!-- start Remote Bullets -->\n<style>\/* widget: Remote Bullets *\/\n\n#uc_remote_control_bullet_navigation_elementor_e899219 \n{\n  display:flex;\n  flex-wrap: wrap;\n}\n\n#uc_remote_control_bullet_navigation_elementor_e899219 .ue-remote-bullet-btn\n{\n  display:flex;\n  align-items:center;\n  justify-content:center;\n  cursor:pointer;\n  transition:0.3s;\n  flex-grow: 0;\n  flex-shrink: 0;\n}\n\n<\/style>\n\n<div class=\"ue-remote-bullets\" id=\"uc_remote_control_bullet_navigation_elementor_e899219\"  data-parentid='first'> \n\t\n<\/div>\n<!-- end Remote Bullets -->\t\t\t\t<\/div>\n\t\t\t\t<\/div>\n\t\t\t\t\t<\/div>\n\t\t\t\t<\/div>\n\t\t<div class=\"elementor-element elementor-element-a4a621a e-flex e-con-boxed e-con e-parent\" data-id=\"a4a621a\" data-element_type=\"container\" data-e-type=\"container\" id=\"hn\">\n\t\t\t\t\t<div class=\"e-con-inner\">\n\t\t\t\t<div class=\"elementor-element elementor-element-13152d9 elementor-widget__width-initial elementor-widget-tablet__width-inherit elementor-widget elementor-widget-heading\" data-id=\"13152d9\" data-element_type=\"widget\" data-e-type=\"widget\" data-widget_type=\"heading.default\">\n\t\t\t\t\t<h2 class=\"elementor-heading-title elementor-size-default\">Derni\u00e8res nouvelles<\/h2>\t\t\t\t<\/div>\n\t\t\t\t<div class=\"elementor-element elementor-element-fe54767 elementor-widget__width-inherit elementor-widget elementor-widget-ucaddon_post_list\" data-id=\"fe54767\" data-element_type=\"widget\" data-e-type=\"widget\" data-widget_type=\"ucaddon_post_list.default\">\n\t\t\t\t<div class=\"elementor-widget-container\">\n\t\t\t\t\t\n<!-- start Post List -->\n\n<style>\/* widget: Post List *\/\n\n\n\n#uc_post_list_elementor_fe54767\n{\n  display:grid;\n}\n\n\n#uc_post_list_elementor_fe54767 .uc_post_list_image div\n{\n  background-size:cover;\n  background-position:center;\n}\n\n\n.uc_post_list .uc_post_list_box{\n\tposition: relative;\n\toverflow: hidden;\n\tdisplay: flex;\n}\n\n#uc_post_list_elementor_fe54767 .uc_post_list_image\n{\n  flex-grow:0;\n  flex-shrink:0;\n}\n\n#uc_post_list_elementor_fe54767 .uc_post_list_image img\n{\n  width:100%;\n  display:block;\n  transition:0.3s;\n  \n}\n\n\n.uc_post_list_title a{\n\tcolor: #333333;\n}\n.uc_post_list_date{\n\tfont-size: 12px;\n}\n\n#uc_post_list_elementor_fe54767 .uc_post_list_content\n{\n  display:flex;\n  flex-direction:column;\n  flex:1;\n}\n\n#uc_post_list_elementor_fe54767 .uc_more_btn{\n\n  text-align:center;\n  text-decoration:none;\n  transition:0.3s;\n}\n\n#uc_post_list_elementor_fe54767 .button-on-side\n{\n  display:flex;\n  align-items:center;\n}\n\n\n.ue-grid-item-category a\n{\n  display:inline-block;\n  font-size:10px;\n  text-transform:uppercase;\n}\n\n#uc_post_list_elementor_fe54767 .ue-meta-data\n{\n  \n  display:flex;\n\n  flex-wrap: wrap;\n  line-height:1em;\n}\n\n#uc_post_list_elementor_fe54767 .ue-grid-item-meta-data\n{\n      display:inline-flex;\n      align-items:center;\n}\n\n.ue-grid-item-meta-data\n{\n  font-size:12px;\n}\n\n#uc_post_list_elementor_fe54767 .ue-grid-item-meta-data-icon\n{\n  line-height:1em;\n}\n\n#uc_post_list_elementor_fe54767 .ue-grid-item-meta-data-icon svg\n{\n  width:1em;\n  height:1em;\n}\n\n\n\n#uc_post_list_elementor_fe54767 .ue-debug-meta\n{\n  padding:10px;\n  border:1px solid red;\n  position:relative;\n  line-height:1.5em;\n  font-size:11px;\n  width:100%;\n}\n\n.uc-remote-parent .uc_post_list_box{\n\tcursor:pointer;\n}\n\n#uc_post_list_elementor_fe54767 .ue-post-link-overlay\n{\n  display:block;\n  position:absolute;\n  top:0;\n  bottom:0;\n  right:0;\n  left:0;\n}\n\n<\/style>\n\n<div class=\"uc_post_list uc-items-wrapper uc-remote-parent \" id=\"uc_post_list_elementor_fe54767\"   data-remoteid='auto' data-widgetname='Post List'>    \t\n  <div class=\"uc_post_list_box\">\n    \n  \t    <div class=\"uc_post_list_image\">\n      <a href=\"https:\/\/argerietsimicalis.org\/fr\/la-realite-virtuelle-aide-les-enfants-a-supporter-la-douleur-et-lanxiete\/\" title=\"Le Shriners va \u00e9largir le recours \u00e0 la r\u00e9alit\u00e9 virtuelle\" target=\"_self\">\n          \n            <img decoding=\"async\" src=\"https:\/\/argerietsimicalis.org\/wp-content\/uploads\/2022\/08\/Researcher_following_VR_process_1000x666_157066-768x511.jpg\"  src=\"https:\/\/argerietsimicalis.org\/wp-content\/uploads\/2022\/08\/Researcher_following_VR_process_1000x666_157066-768x511.jpg\" alt=\"Patient Amaya with nursing researcher Sofia experiencing VR before surgery\" width=\"768\" height=\"511\">\n        \t\n        \n      <\/a>\n    <\/div>\n  \t\t\n  \n    <div class=\"uc_post_list_content\">\n      <div class=\"uc_post_list_content_inside\">\n        \n                        \n         <div class=\"uc_post_list_title\"><a target=\"_self\" href=\"https:\/\/argerietsimicalis.org\/fr\/la-realite-virtuelle-aide-les-enfants-a-supporter-la-douleur-et-lanxiete\/\" title=\"Le Shriners va \u00e9largir le recours \u00e0 la r\u00e9alit\u00e9 virtuelle\">Le Shriners va \u00e9largir le recours \u00e0 la r\u00e9alit\u00e9 virtuelle<\/a><\/div>\t\n         \n        <div class=\"ue-meta-data\">\n            <div class=\"ue-grid-item-meta-data\"><span class=\"ue-grid-item-meta-data-icon\"><i class=''><\/i><\/span>  4 ao\u00fbt 2022<\/div>                                   \n            \n          \n                        \n            \n                        \n                        \n            \n              \n          <\/div>         \n                \n         <div class=\"uc_post_content\">La r\u00e9alit\u00e9 virtuelle (RV) est une technologie immersive qui plonge les enfants dans un monde imaginaire en 3D qui semble et para\u00eet r\u00e9el Les enfants enfilent un casque de RV, connu sous le nom d&rsquo;affichage mont\u00e9 sur la t\u00eate, et utilisent des contr\u00f4leurs pour interagir avec le monde imaginaire. Cette technologie a \u00e9t\u00e9 utilis\u00e9e comme outil de distraction pour aider les enfants \u00e0 faire face \u00e0 la douleur et \u00e0 l&rsquo;anxi\u00e9t\u00e9 pendant les proc\u00e9dures m\u00e9dicales Deux h\u00f4pitaux Shriners pour enfants ont pris l&rsquo;initiative d&rsquo;utiliser la RV pour...<\/div>        \n                 \t        \n           <a target=\"_self\" href='https:\/\/argerietsimicalis.org\/fr\/la-realite-virtuelle-aide-les-enfants-a-supporter-la-douleur-et-lanxiete\/' class=\"uc_more_btn elementor-animation-shrink \" title=\"\">Learn More<\/a>\n              \n                 \n      <\/div>\n    <\/div>\n     \n       \n  \n   <\/div>\n\n<\/div>\n\n\n<!-- end Post List -->\t\t\t\t<\/div>\n\t\t\t\t<\/div>\n\t\t\t\t\t<\/div>\n\t\t\t\t<\/div>\n\t\t<div class=\"elementor-element elementor-element-2ecc30d e-flex e-con-boxed e-con e-parent\" data-id=\"2ecc30d\" data-element_type=\"container\" data-e-type=\"container\" data-settings=\"{&quot;background_background&quot;:&quot;classic&quot;}\">\n\t\t\t\t\t<div class=\"e-con-inner\">\n\t\t\t\t<div class=\"elementor-element elementor-element-dc18451 elementor-widget__width-inherit elementor-widget elementor-widget-heading\" data-id=\"dc18451\" data-element_type=\"widget\" data-e-type=\"widget\" data-widget_type=\"heading.default\">\n\t\t\t\t\t<h2 class=\"elementor-heading-title elementor-size-default\">Ressources mises en \u00e9vidence<\/h2>\t\t\t\t<\/div>\n\t\t\t\t\t<\/div>\n\t\t\t\t<\/div>\n\t\t<div class=\"elementor-element elementor-element-a4b0880 e-flex e-con-boxed e-con e-parent\" data-id=\"a4b0880\" data-element_type=\"container\" data-e-type=\"container\" id=\"resou\" data-settings=\"{&quot;background_background&quot;:&quot;classic&quot;}\">\n\t\t\t\t\t<div class=\"e-con-inner\">\n\t\t\t\t<div class=\"elementor-element elementor-element-995c870 elementor-widget__width-initial elementor-widget-mobile__width-initial elementor-position-top elementor-widget elementor-widget-image-box\" data-id=\"995c870\" data-element_type=\"widget\" data-e-type=\"widget\" data-widget_type=\"image-box.default\">\n\t\t\t\t\t<div class=\"elementor-image-box-wrapper\"><figure class=\"elementor-image-box-img\"><a href=\"https:\/\/argerietsimicalis.org\/oi-colour-oi-learn\/\" tabindex=\"-1\"><img decoding=\"async\" width=\"866\" height=\"851\" src=\"https:\/\/argerietsimicalis.org\/wp-content\/uploads\/2023\/06\/image-4_featured-resources_oi-colour-oi-learn.jpg\" class=\"attachment-full size-full wp-image-1573\" alt=\"\" srcset=\"https:\/\/argerietsimicalis.org\/wp-content\/uploads\/2023\/06\/image-4_featured-resources_oi-colour-oi-learn.jpg 866w, https:\/\/argerietsimicalis.org\/wp-content\/uploads\/2023\/06\/image-4_featured-resources_oi-colour-oi-learn-300x295.jpg 300w, https:\/\/argerietsimicalis.org\/wp-content\/uploads\/2023\/06\/image-4_featured-resources_oi-colour-oi-learn-768x755.jpg 768w\" sizes=\"(max-width: 866px) 100vw, 866px\" \/><\/a><\/figure><div class=\"elementor-image-box-content\"><h3 class=\"elementor-image-box-title\"><a href=\"https:\/\/argerietsimicalis.org\/oi-colour-oi-learn\/\">COULEUR OI <br>OI APPRENDRE<\/a><\/h3><\/div><\/div>\t\t\t\t<\/div>\n\t\t\t\t<div class=\"elementor-element elementor-element-ca63faa elementor-widget__width-initial elementor-widget-mobile__width-initial elementor-position-top elementor-widget elementor-widget-image-box\" data-id=\"ca63faa\" data-element_type=\"widget\" data-e-type=\"widget\" data-widget_type=\"image-box.default\">\n\t\t\t\t\t<div class=\"elementor-image-box-wrapper\"><figure class=\"elementor-image-box-img\"><a href=\"https:\/\/argerietsimicalis.org\/resources\/\" tabindex=\"-1\"><img loading=\"lazy\" decoding=\"async\" width=\"861\" height=\"854\" src=\"https:\/\/argerietsimicalis.org\/wp-content\/uploads\/2023\/06\/image-5_featured-resources_dream-machine.jpg\" class=\"attachment-full size-full wp-image-1568\" alt=\"\" srcset=\"https:\/\/argerietsimicalis.org\/wp-content\/uploads\/2023\/06\/image-5_featured-resources_dream-machine.jpg 861w, https:\/\/argerietsimicalis.org\/wp-content\/uploads\/2023\/06\/image-5_featured-resources_dream-machine-300x298.jpg 300w, https:\/\/argerietsimicalis.org\/wp-content\/uploads\/2023\/06\/image-5_featured-resources_dream-machine-150x150.jpg 150w, https:\/\/argerietsimicalis.org\/wp-content\/uploads\/2023\/06\/image-5_featured-resources_dream-machine-768x762.jpg 768w\" sizes=\"(max-width: 861px) 100vw, 861px\" \/><\/a><\/figure><div class=\"elementor-image-box-content\"><h3 class=\"elementor-image-box-title\"><a href=\"https:\/\/argerietsimicalis.org\/resources\/\">LE R\u00caVE <br>LA MACHINE<\/a><\/h3><\/div><\/div>\t\t\t\t<\/div>\n\t\t\t\t<div class=\"elementor-element elementor-element-ba5c605 elementor-widget__width-initial elementor-widget-mobile__width-initial elementor-position-top elementor-widget elementor-widget-image-box\" data-id=\"ba5c605\" data-element_type=\"widget\" data-e-type=\"widget\" data-widget_type=\"image-box.default\">\n\t\t\t\t\t<div class=\"elementor-image-box-wrapper\"><figure class=\"elementor-image-box-img\"><a href=\"https:\/\/argerietsimicalis.org\/resources\/\" tabindex=\"-1\"><img loading=\"lazy\" decoding=\"async\" width=\"874\" height=\"871\" src=\"https:\/\/argerietsimicalis.org\/wp-content\/uploads\/2023\/06\/Picture2.png\" class=\"attachment-full size-full wp-image-1564\" alt=\"\" srcset=\"https:\/\/argerietsimicalis.org\/wp-content\/uploads\/2023\/06\/Picture2.png 874w, https:\/\/argerietsimicalis.org\/wp-content\/uploads\/2023\/06\/Picture2-300x300.png 300w, https:\/\/argerietsimicalis.org\/wp-content\/uploads\/2023\/06\/Picture2-150x150.png 150w, https:\/\/argerietsimicalis.org\/wp-content\/uploads\/2023\/06\/Picture2-768x765.png 768w\" sizes=\"(max-width: 874px) 100vw, 874px\" \/><\/a><\/figure><div class=\"elementor-image-box-content\"><h3 class=\"elementor-image-box-title\"><a href=\"https:\/\/argerietsimicalis.org\/resources\/\">RSBO<br>LIVRE DE BANDES DESSIN\u00c9ES<\/a><\/h3><\/div><\/div>\t\t\t\t<\/div>\n\t\t\t\t\t<\/div>\n\t\t\t\t<\/div>\n\t\t\t\t<\/div>\n\t\t","protected":false},"excerpt":{"rendered":"<p>Bienvenue au laboratoire d&rsquo;Argerie Nous sommes un groupe \u00e9clectique de personnes qui m\u00e8nent des recherches dans divers domaines de la sant\u00e9 infantile \u00e0 l&rsquo;Universit\u00e9 McGill et aux H\u00f4pitaux Shriners pour enfants\u00ae-Canada. Notre mission, guid\u00e9e par la philosophie de soins FOCUSED\u00ae, est de: Introduire des innovations fond\u00e9es sur des donn\u00e9es probantes dans la pratique clinique afin [&hellip;]<\/p>\n","protected":false},"author":1,"featured_media":0,"parent":0,"menu_order":0,"comment_status":"closed","ping_status":"closed","template":"","meta":{"footnotes":""},"class_list":["post-499","page","type-page","status-publish","hentry"],"_links":{"self":[{"href":"https:\/\/argerietsimicalis.org\/fr\/wp-json\/wp\/v2\/pages\/499","targetHints":{"allow":["GET"]}}],"collection":[{"href":"https:\/\/argerietsimicalis.org\/fr\/wp-json\/wp\/v2\/pages"}],"about":[{"href":"https:\/\/argerietsimicalis.org\/fr\/wp-json\/wp\/v2\/types\/page"}],"author":[{"embeddable":true,"href":"https:\/\/argerietsimicalis.org\/fr\/wp-json\/wp\/v2\/users\/1"}],"replies":[{"embeddable":true,"href":"https:\/\/argerietsimicalis.org\/fr\/wp-json\/wp\/v2\/comments?post=499"}],"version-history":[{"count":0,"href":"https:\/\/argerietsimicalis.org\/fr\/wp-json\/wp\/v2\/pages\/499\/revisions"}],"wp:attachment":[{"href":"https:\/\/argerietsimicalis.org\/fr\/wp-json\/wp\/v2\/media?parent=499"}],"curies":[{"name":"wp","href":"https:\/\/api.w.org\/{rel}","templated":true}]}}